{"id":152,"date":"2025-12-01T13:25:56","date_gmt":"2025-12-01T13:25:56","guid":{"rendered":"https:\/\/garafincas.com\/?page_id=152"},"modified":"2025-12-16T10:13:46","modified_gmt":"2025-12-16T10:13:46","slug":"appmovil","status":"publish","type":"page","link":"https:\/\/garafincas.com\/index.php\/appmovil\/","title":{"rendered":"App M\u00f3vil"},"content":{"rendered":"\t\t<div data-elementor-type=\"wp-page\" data-elementor-id=\"152\" class=\"elementor elementor-152\" data-elementor-post-type=\"page\">\n\t\t\t\t<div class=\"elementor-element elementor-element-0cf2f9b e-flex e-con-boxed e-con e-parent\" data-id=\"0cf2f9b\" data-element_type=\"container\">\n\t\t\t\t\t<div class=\"e-con-inner\">\n\t\t\t\t<div class=\"elementor-element elementor-element-92acda9 elementor-widget elementor-widget-spacer\" data-id=\"92acda9\" data-element_type=\"widget\" id=\"aki\" data-widget_type=\"spacer.default\">\n\t\t\t\t\t\t\t<div class=\"elementor-spacer\">\n\t\t\t<div class=\"elementor-spacer-inner\"><\/div>\n\t\t<\/div>\n\t\t\t\t\t\t<\/div>\n\t\t\t\t\t<\/div>\n\t\t\t\t<\/div>\n\t\t<div class=\"elementor-element elementor-element-a4a28c0 e-flex e-con-boxed e-con e-parent\" data-id=\"a4a28c0\" data-element_type=\"container\">\n\t\t\t\t\t<div class=\"e-con-inner\">\n\t\t\t\t<div class=\"elementor-element elementor-element-aa9c12a elementor-widget elementor-widget-heading\" data-id=\"aa9c12a\" data-element_type=\"widget\" data-widget_type=\"heading.default\">\n\t\t\t\t\t<h2 class=\"elementor-heading-title elementor-size-default\">Gara Administraci\u00f3n de Fincas Murcia funciona con una app gratuita<\/h2>\t\t\t\t<\/div>\n\t\t\t\t\t<\/div>\n\t\t\t\t<\/div>\n\t\t<div class=\"elementor-element elementor-element-29f6c84 e-flex e-con-boxed e-con e-parent\" data-id=\"29f6c84\" data-element_type=\"container\">\n\t\t\t\t\t<div class=\"e-con-inner\">\n\t\t\t\t<div class=\"elementor-element elementor-element-6139c1d elementor-widget elementor-widget-text-editor\" data-id=\"6139c1d\" data-element_type=\"widget\" data-widget_type=\"text-editor.default\">\n\t\t\t\t\t\t\t\t\t<p><span style=\"font-weight: 400\">Para garantizar la <strong>transparencia<\/strong> que caracteriza a Gara Fincas, ofrecemos <strong>gratuitamente<\/strong> <strong>una<\/strong> <strong>app para todos <\/strong><\/span><span style=\"font-weight: 400\"><strong>los propietarios<\/strong>, donde pueden consultar en cualquier momento:<\/span><\/p>\t\t\t\t\t\t\t\t<\/div>\n\t\t\t\t\t<\/div>\n\t\t\t\t<\/div>\n\t\t<div class=\"elementor-element elementor-element-1b85482 e-grid e-con-boxed e-con e-parent\" data-id=\"1b85482\" data-element_type=\"container\">\n\t\t\t\t\t<div class=\"e-con-inner\">\n\t\t\t\t<div class=\"elementor-element elementor-element-2fe28b5 mi-card elementor-widget elementor-widget-html\" data-id=\"2fe28b5\" data-element_type=\"widget\" data-widget_type=\"html.default\">\n\t\t\t\t\t<style>\n.mi-card {\n    display: flex;\n    justify-content: center !important;\n    text-align: center;\n    margin: 0 auto !important;\n    background-color: #386738;\n    color: #ffffff;\n    border-radius: 12px;\n    box-shadow: 0 4px 15px rgba(0,0,0,0.1);\n    box-sizing: border-box;\n    flex: 1 1 250px;\n    flex-direction: column;\n    height: 100%;\n    transition: transform 0.3s, box-shadow 0.3s, background-color 0.3s;\n           font-family: roboto slab;\n           padding: 5px;\n}\n\n\/* Hover *\/\n.mi-card:hover {\n    transform: translateY(-5px);\n    box-shadow: 0 8px 25px rgba(0,0,0,0.2);\n    background-color: #74AC40;\n}\n<\/style> \n \n  <h2> Saldo de la comunidad de vecinos<\/h2>\n\t\t\t\t<\/div>\n\t\t\t\t<div class=\"elementor-element elementor-element-497ed341 mi-card elementor-widget elementor-widget-html\" data-id=\"497ed341\" data-element_type=\"widget\" data-widget_type=\"html.default\">\n\t\t\t\t\t<style>\n\n.elementor-element-497ed341{\n    display: flex;\n    justify-content: center !important;\n    text-align: center;\n    margin: 0 auto !important;\n    background-color: #386738;\n    color: #ffffff;\n    border-radius: 12px;\n    box-shadow: 0 4px 15px rgba(0,0,0,0.1);\n    box-sizing: border-box;\n    flex: 1 1 250px;\n    flex-direction: column;\n    height: 100%;\n    transition: transform 0.3s, box-shadow 0.3s, background-color 0.3s;\n           font-family: roboto slab;\n           padding: 5px;\n}\n\n\/* Hover de la card *\/\n.elementor-element-6a20b33a:hover {\n  transform: translateY(-5px);\n  box-shadow: 0 8px 25px rgba(0,0,0,0.2);\n    background-color: #dd9445;\n}\n\n<\/style> \n<h2> Movimientos y pagos hechos<\/a><\/h2>\n\t\t\t\t<\/div>\n\t\t\t\t<div class=\"elementor-element elementor-element-69d4f153 mi-card elementor-widget elementor-widget-html\" data-id=\"69d4f153\" data-element_type=\"widget\" data-widget_type=\"html.default\">\n\t\t\t\t\t<style>\n\n.elementor-element-497ed341 {\n  display: flex;\n    justify-content: center !important;\n    text-align: center;\n    margin: 0 auto !important;\n    background-color: #386738;\n    color: #ffffff;\n    border-radius: 12px;\n    box-shadow: 0 4px 15px rgba(0,0,0,0.1);\n    box-sizing: border-box;\n    flex: 1 1 250px;\n    flex-direction: column;\n    height: 100%;\n    transition: transform 0.3s, box-shadow 0.3s, background-color 0.3s;\n           font-family: roboto slab;\n           padding: 5px;\n           \n}\n\n\/* Hover de la card *\/\n.elementor-element-6c34f4a0:hover {\n  transform: translateY(-5px);\n  box-shadow: 0 8px 25px rgba(0,0,0,0.2);\n    background-color: #dd9445;\n}\n\n<\/style> \n<h2 >Actas, contratos y facturas<\/a><\/h2>\t\t\t\t<\/div>\n\t\t\t\t<div class=\"elementor-element elementor-element-1669f7ea mi-card elementor-widget elementor-widget-html\" data-id=\"1669f7ea\" data-element_type=\"widget\" data-widget_type=\"html.default\">\n\t\t\t\t\t<style>\n\n.elementor-element-1669f7ea {\n  display: flex;\n    justify-content: center !important;\n    text-align: center;\n    margin: 0 auto !important;\n    background-color: #386738;\n    color: #ffffff;\n    border-radius: 12px;\n    box-shadow: 0 4px 15px rgba(0,0,0,0.1);\n    box-sizing: border-box;\n    flex: 1 1 250px;\n    flex-direction: column;\n    height: 100%;\n    transition: transform 0.3s, box-shadow 0.3s, background-color 0.3s;\n           font-family: roboto slab;\n           padding: 5px;\n}\n\/* Hover de la card *\/\n.elementor-element-37c72dbe:hover {\n  transform: translateY(-5px);\n  box-shadow: 0 8px 25px rgba(0,0,0,0.2);\n    background-color: #dd9445;\n}\n\n<\/style> \n<h2>Aver\u00edas e inicidencias que puedan ocurrir<\/h2>\n\t\t\t\t<\/div>\n\t\t\t\t\t<\/div>\n\t\t\t\t<\/div>\n\t\t<div class=\"elementor-element elementor-element-cd9d8ee e-flex e-con-boxed e-con e-parent\" data-id=\"cd9d8ee\" data-element_type=\"container\">\n\t\t\t\t\t<div class=\"e-con-inner\">\n\t\t\t\t<div class=\"elementor-element elementor-element-fe4c6a3 elementor-widget elementor-widget-spacer\" data-id=\"fe4c6a3\" data-element_type=\"widget\" data-widget_type=\"spacer.default\">\n\t\t\t\t\t\t\t<div class=\"elementor-spacer\">\n\t\t\t<div class=\"elementor-spacer-inner\"><\/div>\n\t\t<\/div>\n\t\t\t\t\t\t<\/div>\n\t\t\t\t\t<\/div>\n\t\t\t\t<\/div>\n\t\t<div class=\"elementor-element elementor-element-8a2328a e-flex e-con-boxed e-con e-parent\" data-id=\"8a2328a\" data-element_type=\"container\">\n\t\t\t\t\t<div class=\"e-con-inner\">\n\t\t\t\t<div class=\"elementor-element elementor-element-7c4ea16 elementor-widget-tablet__width-inherit elementor-widget elementor-widget-text-editor\" data-id=\"7c4ea16\" data-element_type=\"widget\" data-widget_type=\"text-editor.default\">\n\t\t\t\t\t\t\t\t\t<p><span style=\"font-weight: 400\">Adem\u00e1s, cada vecino puede ver el estado de su propia vivienda respecto a la\u00a0<\/span><span style=\"font-weight: 400\">comunidad.\u00a0<\/span><span style=\"font-weight: 400\"><strong>La informaci\u00f3n se actualiza a diario,<\/strong> ya que la aplicaci\u00f3n est\u00e1 conectada\u00a0<\/span><span style=\"font-weight: 400\">directamente con la entidad bancaria.<\/span><\/p><p><span style=\"font-weight: 400\">Tambi\u00e9n proponemos a las comunidades la firma mancomunada para realizar\u00a0<\/span><span style=\"font-weight: 400\">pagos, de forma que tanto el presidente como el administrador deban aprobar\u00a0<\/span><span style=\"font-weight: 400\">cualquier transacci\u00f3n, pudiendo hacerlo c\u00f3modamente desde su m\u00f3vil.<\/span><\/p><p><span style=\"font-weight: 400\">Si la comunidad lo desea, creamos un grupo de WhatsApp con la junta directiva\u00a0<\/span><span style=\"font-weight: 400\">para facilitar y agilizar la comunicaci\u00f3n.<\/span><\/p>\t\t\t\t\t\t\t\t<\/div>\n\t\t\t\t\t<\/div>\n\t\t\t\t<\/div>\n\t\t<div class=\"elementor-element elementor-element-7c470dd e-flex e-con-boxed e-con e-parent\" data-id=\"7c470dd\" data-element_type=\"container\">\n\t\t\t\t\t<div class=\"e-con-inner\">\n\t\t\t\t<div class=\"elementor-element elementor-element-b640251 elementor-widget elementor-widget-spacer\" data-id=\"b640251\" data-element_type=\"widget\" data-widget_type=\"spacer.default\">\n\t\t\t\t\t\t\t<div class=\"elementor-spacer\">\n\t\t\t<div class=\"elementor-spacer-inner\"><\/div>\n\t\t<\/div>\n\t\t\t\t\t\t<\/div>\n\t\t\t\t\t<\/div>\n\t\t\t\t<\/div>\n\t\t<div class=\"elementor-element elementor-element-e5c50ba e-flex e-con-boxed e-con e-parent\" data-id=\"e5c50ba\" data-element_type=\"container\">\n\t\t\t\t\t<div class=\"e-con-inner\">\n\t\t\t\t<div class=\"elementor-element elementor-element-3125a89 elementor-widget elementor-widget-heading\" data-id=\"3125a89\" data-element_type=\"widget\" data-widget_type=\"heading.default\">\n\t\t\t\t\t<h1 class=\"elementor-heading-title elementor-size-default\">C\u00f3mo contactar con Gara: administraci\u00f3n de fincas Murcia<\/h1>\t\t\t\t<\/div>\n\t\t\t\t\t<\/div>\n\t\t\t\t<\/div>\n\t\t<div class=\"elementor-element elementor-element-fdc6e28 e-flex e-con-boxed e-con e-parent\" data-id=\"fdc6e28\" data-element_type=\"container\">\n\t\t\t\t\t<div class=\"e-con-inner\">\n\t\t\t\t<div class=\"elementor-element elementor-element-599bdac elementor-widget elementor-widget-spacer\" data-id=\"599bdac\" data-element_type=\"widget\" data-widget_type=\"spacer.default\">\n\t\t\t\t\t\t\t<div class=\"elementor-spacer\">\n\t\t\t<div class=\"elementor-spacer-inner\"><\/div>\n\t\t<\/div>\n\t\t\t\t\t\t<\/div>\n\t\t\t\t\t<\/div>\n\t\t\t\t<\/div>\n\t\t<div class=\"elementor-element elementor-element-7464ca3f e-grid e-con-boxed e-con e-parent\" data-id=\"7464ca3f\" data-element_type=\"container\">\n\t\t\t\t\t<div class=\"e-con-inner\">\n\t\t\t\t<div class=\"elementor-element elementor-element-220c34fe mi-card2 elementor-widget elementor-widget-html\" data-id=\"220c34fe\" data-element_type=\"widget\" data-widget_type=\"html.default\">\n\t\t\t\t\t<style>\n.mi-card2 {\n    text-align: center;\n    background-color: #ffffff;\n    color: #54595F;\n    border-radius: 12px;\n    box-shadow: 0 4px 15px rgba(0,0,0,0.1);\n    box-sizing: border-box;\n    flex: 1 1 250px;\n    padding: 15px;\n    display: flex;\n    flex-direction: column;\n    justify-content: space-between;\n    height: 100%;\n    transition: transform 0.3s, box-shadow 0.3s, background-color 0.3s;\n           font-family: roboto slab;\n}\n\n\/* Imagen dentro de las cards *\/\n.mi-card2 img {\n    margin: 8px !important;\n  display: block;\n  margin: 0 auto !important;\n}\n\n\/* Hover *\/\n.mi-card2:hover {\n    transform: translateY(-5px);\n    box-shadow: 0 8px 25px rgba(0,0,0,0.2);\n    background-color: #386738;\n    color: #ffffff;\n}\n\n\/* Bot\u00f3n dentro de la card *\/\n.mi-card2 .card-button {\n    background-color: #A2C037 !important;\n    color: #fff;\n    padding: 8px 15px;\n    border: none;\n    border-radius: 6px;\n    cursor: pointer;\n    font-size: 0.9rem;\n    transition: background-color 0.3s;\n    margin-top: 15px;\n}\n\n.mi-card2 .card-button:hover {\n    background-color: #ffffff !important;\n    color: #A2C037;\n}\n<\/style> \n \n \n  <img loading=\"lazy\" loading=\"lazy\" decoding=\"async\" width=\"150\" height=\"150\" src=\"https:\/\/garafincas.com\/wp-content\/uploads\/2025\/12\/spobre.png\" alt=\"derecho civil murcia\">\n  <h2>Correo electr\u00f3nico<\/h2>\n  <p class=\"elementor-image-box-description\">Puedes contactarnos por email si as\u00ed lo deseas<\/p>\n<a href=\"https:\/\/mail.google.com\/mail\/?view=cm&amp;fs=1&amp;to=garafincas@gmail.com\" target=\"_blank\" class=\"card-button\" rel=\"noopener\">Haz click aqu\u00ed<\/a>\t\t\t\t<\/div>\n\t\t\t\t<div class=\"elementor-element elementor-element-3f455fad mi-card2 elementor-widget elementor-widget-html\" data-id=\"3f455fad\" data-element_type=\"widget\" data-widget_type=\"html.default\">\n\t\t\t\t\t<style>\n.mi-card2 {\n.mi-card2 {\n    text-align: center;\n    background-color: #ffffff;\n    color: #54595F;\n    border-radius: 12px;\n    box-shadow: 0 4px 15px rgba(0,0,0,0.1);\n    box-sizing: border-box;\n    flex: 1 1 250px;\n    padding: 15px;\n    display: flex;\n    flex-direction: column;\n    justify-content: space-between;\n    height: 100%;\n    transition: transform 0.3s, box-shadow 0.3s, background-color 0.3s;\n}\n\n\/* Imagen dentro de las cards *\/\n.mi-card2 img {\n    margin: 8px !important;\n  display: block;\n  margin: 0 auto !important;\n}\n\n\/* Hover *\/\n.mi-card2:hover {\n    transform: translateY(-5px);\n    box-shadow: 0 8px 25px rgba(0,0,0,0.2);\n    background-color: #dd9445;\n}\n\n\/* Bot\u00f3n dentro de la card *\/\n.mi-card2 .card-button {\n    background-color: #7ea499 !important;\n    color: #fff;\n    padding: 8px 15px;\n    border: none;\n    border-radius: 6px;\n    cursor: pointer;\n    font-size: 0.9rem;\n    transition: background-color 0.3s;\n    margin-top: 15px;\n}\n\n.mi-card2 .card-button:hover {\n    background-color: #000 !important;\n    color: #ffffff;\n}\n<\/style> \n \n \n  <img loading=\"lazy\" loading=\"lazy\" decoding=\"async\" width=\"150\" height=\"150\" src=\"https:\/\/garafincas.com\/wp-content\/uploads\/2025\/12\/whstapp-1.png\" alt=\"derecho civil murcia\">\n  <h2>Whastapp<\/h2>\n  <p class=\"elementor-image-box-description\">M\u00e1ndanos un whatsapp y responderemos lo antes posible<\/p>\n<a href=\"https:\/\/wa.me\/34623930580\" class=\"card-button\" target=\"_blank\" rel=\"noopener\">Haz click aqu\u00ed<\/a>\t\t\t\t<\/div>\n\t\t\t\t<div class=\"elementor-element elementor-element-6a22c660 mi-card2 elementor-widget elementor-widget-html\" data-id=\"6a22c660\" data-element_type=\"widget\" data-widget_type=\"html.default\">\n\t\t\t\t\t<style>\n.mi-card2 {\n.mi-card2 {\n    text-align: center;\n    background-color: #ffffff;\n    color: #54595F;\n    border-radius: 12px;\n    box-shadow: 0 4px 15px rgba(0,0,0,0.1);\n    box-sizing: border-box;\n    flex: 1 1 250px;\n    padding: 15px;\n    display: flex;\n    flex-direction: column;\n    justify-content: space-between;\n    height: 100%;\n    transition: transform 0.3s, box-shadow 0.3s, background-color 0.3s;\n}\n\n\/* Imagen dentro de las cards *\/\n.mi-card2 img {\n    margin: 8px !important;\n  display: block;\n  margin: 0 auto !important;\n}\n\n\/* Hover *\/\n.mi-card2:hover {\n    transform: translateY(-5px);\n    box-shadow: 0 8px 25px rgba(0,0,0,0.2);\n    background-color: #dd9445;\n}\n\n\/* Bot\u00f3n dentro de la card *\/\n.mi-card2 .card-button {\n    background-color: #7ea499 !important;\n    color: #fff;\n    padding: 8px 15px;\n    border: none;\n    border-radius: 6px;\n    cursor: pointer;\n    font-size: 0.9rem;\n    transition: background-color 0.3s;\n    margin-top: 15px;\n}\n\n.mi-card2 .card-button:hover {\n    background-color: #000 !important;\n    color: #ffffff;\n}\n<\/style> \n \n \n  <img loading=\"lazy\" loading=\"lazy\" decoding=\"async\" width=\"150\" height=\"150\" src=\"https:\/\/garafincas.com\/wp-content\/uploads\/2025\/12\/formulario-1.png\" alt=\"derecho civil murcia\">\n  <h2>Escr\u00edbenos<\/h2>\n  <p class=\"elementor-image-box-description\">Puedes contactarnos directamente a trav\u00e9s del siguiente formulario<\/p>\n<a href=\"https:\/\/garafincas.com\/index.php\/contacto\/#contacto\" class=\"card-button\">Haz click aqu\u00ed<\/a>\t\t\t\t<\/div>\n\t\t\t\t\t<\/div>\n\t\t\t\t<\/div>\n\t\t<div class=\"elementor-element elementor-element-4a5255e e-flex e-con-boxed e-con e-parent\" data-id=\"4a5255e\" data-element_type=\"container\">\n\t\t\t\t\t<div class=\"e-con-inner\">\n\t\t\t\t<div class=\"elementor-element elementor-element-649c7b1 elementor-widget elementor-widget-spacer\" data-id=\"649c7b1\" data-element_type=\"widget\" data-widget_type=\"spacer.default\">\n\t\t\t\t\t\t\t<div class=\"elementor-spacer\">\n\t\t\t<div class=\"elementor-spacer-inner\"><\/div>\n\t\t<\/div>\n\t\t\t\t\t\t<\/div>\n\t\t\t\t\t<\/div>\n\t\t\t\t<\/div>\n\t\t\t\t<\/div>\n\t\t","protected":false},"excerpt":{"rendered":"<p>Gara Administraci\u00f3n de Fincas Murcia funciona con una app gratuita Para garantizar la transparencia que caracteriza a Gara Fincas, ofrecemos gratuitamente una app para todos los propietarios, donde pueden consultar en cualquier momento: Saldo de la comunidad de vecinos Movimientos y pagos hechos Actas, contratos y facturas Aver\u00edas e inicidencias que puedan ocurrir Adem\u00e1s, cada [&hellip;]<\/p>\n","protected":false},"author":1,"featured_media":0,"parent":0,"menu_order":4,"comment_status":"closed","ping_status":"closed","template":"","meta":{"footnotes":""},"class_list":["post-152","page","type-page","status-publish","hentry"],"_links":{"self":[{"href":"https:\/\/garafincas.com\/index.php\/wp-json\/wp\/v2\/pages\/152","targetHints":{"allow":["GET"]}}],"collection":[{"href":"https:\/\/garafincas.com\/index.php\/wp-json\/wp\/v2\/pages"}],"about":[{"href":"https:\/\/garafincas.com\/index.php\/wp-json\/wp\/v2\/types\/page"}],"author":[{"embeddable":true,"href":"https:\/\/garafincas.com\/index.php\/wp-json\/wp\/v2\/users\/1"}],"replies":[{"embeddable":true,"href":"https:\/\/garafincas.com\/index.php\/wp-json\/wp\/v2\/comments?post=152"}],"version-history":[{"count":314,"href":"https:\/\/garafincas.com\/index.php\/wp-json\/wp\/v2\/pages\/152\/revisions"}],"predecessor-version":[{"id":1438,"href":"https:\/\/garafincas.com\/index.php\/wp-json\/wp\/v2\/pages\/152\/revisions\/1438"}],"wp:attachment":[{"href":"https:\/\/garafincas.com\/index.php\/wp-json\/wp\/v2\/media?parent=152"}],"curies":[{"name":"wp","href":"https:\/\/api.w.org\/{rel}","templated":true}]}}