{"id":150,"date":"2025-12-01T13:25:56","date_gmt":"2025-12-01T13:25:56","guid":{"rendered":"https:\/\/garafincas.com\/?page_id=150"},"modified":"2025-12-16T10:17:55","modified_gmt":"2025-12-16T10:17:55","slug":"sobre-gara","status":"publish","type":"page","link":"https:\/\/garafincas.com\/index.php\/sobre-gara\/","title":{"rendered":"Sobre Gara"},"content":{"rendered":"\t\t<div data-elementor-type=\"wp-page\" data-elementor-id=\"150\" class=\"elementor elementor-150\" data-elementor-post-type=\"page\">\n\t\t\t\t<div class=\"elementor-element elementor-element-4d45390 e-flex e-con-boxed e-con e-parent\" data-id=\"4d45390\" data-element_type=\"container\">\n\t\t\t\t\t<div class=\"e-con-inner\">\n\t\t\t\t<div class=\"elementor-element elementor-element-ce3d5bb elementor-widget elementor-widget-spacer\" data-id=\"ce3d5bb\" data-element_type=\"widget\" data-widget_type=\"spacer.default\">\n\t\t\t\t\t\t\t<div class=\"elementor-spacer\">\n\t\t\t<div class=\"elementor-spacer-inner\"><\/div>\n\t\t<\/div>\n\t\t\t\t\t\t<\/div>\n\t\t\t\t\t<\/div>\n\t\t\t\t<\/div>\n\t\t<div class=\"elementor-element elementor-element-7691876 e-flex e-con-boxed e-con e-parent\" data-id=\"7691876\" data-element_type=\"container\" data-settings=\"{&quot;background_background&quot;:&quot;classic&quot;}\">\n\t\t\t\t\t<div class=\"e-con-inner\">\n\t\t\t\t<div class=\"elementor-element elementor-element-273a835 elementor-widget elementor-widget-text-editor\" data-id=\"273a835\" data-element_type=\"widget\" data-widget_type=\"text-editor.default\">\n\t\t\t\t\t\t\t\t\t<p>Nuestra misi\u00f3n es hacer m\u00e1s f\u00e1cil la administraci\u00f3n de fincas en Murcia para los propietarios, fomentar la buena convivencia entre los vecinos y garantizar un servicio \u00f3ptimo con el que nuestros clientes est\u00e9n satisfechos. La tranquilidad de nuestros clientes es nuestra prioridad.<\/p>\t\t\t\t\t\t\t\t<\/div>\n\t\t\t\t\t<\/div>\n\t\t\t\t<\/div>\n\t\t<div class=\"elementor-element elementor-element-2601874 e-flex e-con-boxed e-con e-parent\" data-id=\"2601874\" data-element_type=\"container\">\n\t\t\t\t\t<div class=\"e-con-inner\">\n\t\t\t\t<div class=\"elementor-element elementor-element-c356681 elementor-widget elementor-widget-spacer\" data-id=\"c356681\" data-element_type=\"widget\" data-widget_type=\"spacer.default\">\n\t\t\t\t\t\t\t<div class=\"elementor-spacer\">\n\t\t\t<div class=\"elementor-spacer-inner\"><\/div>\n\t\t<\/div>\n\t\t\t\t\t\t<\/div>\n\t\t\t\t<div class=\"elementor-element elementor-element-3a826cc elementor-widget elementor-widget-heading\" data-id=\"3a826cc\" data-element_type=\"widget\" data-widget_type=\"heading.default\">\n\t\t\t\t\t<h2 class=\"elementor-heading-title elementor-size-default\">\u00bfQui\u00e9n est\u00e1 detr\u00e1s de Gara?<\/h2>\t\t\t\t<\/div>\n\t\t\t\t\t<\/div>\n\t\t\t\t<\/div>\n\t\t<div class=\"elementor-element elementor-element-5dc3aa1f e-grid e-con-boxed e-con e-parent\" data-id=\"5dc3aa1f\" data-element_type=\"container\">\n\t\t\t\t\t<div class=\"e-con-inner\">\n\t\t<div class=\"elementor-element elementor-element-fa2eadb e-grid e-con-full e-con e-child\" data-id=\"fa2eadb\" data-element_type=\"container\">\n\t\t\t\t<div class=\"elementor-element elementor-element-d9469ec elementor-widget elementor-widget-image\" data-id=\"d9469ec\" data-element_type=\"widget\" data-widget_type=\"image.default\">\n\t\t\t\t\t\t\t\t\t\t\t\t\t\t\t<img fetchpriority=\"high\" decoding=\"async\" width=\"316\" height=\"458\" src=\"https:\/\/garafincas.com\/wp-content\/uploads\/2025\/12\/mariajesus3-1.png\" class=\"attachment-large size-large wp-image-232\" alt=\"\" srcset=\"https:\/\/garafincas.com\/wp-content\/uploads\/2025\/12\/mariajesus3-1.png 316w, https:\/\/garafincas.com\/wp-content\/uploads\/2025\/12\/mariajesus3-1-207x300.png 207w\" sizes=\"(max-width: 316px) 100vw, 316px\" \/>\t\t\t\t\t\t\t\t\t\t\t\t\t\t\t<\/div>\n\t\t\t\t<\/div>\n\t\t<div class=\"elementor-element elementor-element-fa03f94 e-grid e-con-full e-con e-child\" data-id=\"fa03f94\" data-element_type=\"container\">\n\t\t<div class=\"elementor-element elementor-element-f94e37b e-con-full e-flex elementor-invisible e-con e-child\" data-id=\"f94e37b\" data-element_type=\"container\" data-settings=\"{&quot;background_background&quot;:&quot;classic&quot;,&quot;shape_divider_bottom&quot;:&quot;tilt&quot;,&quot;animation&quot;:&quot;bounceInRight&quot;}\">\n\t\t\t\t<div class=\"elementor-shape elementor-shape-bottom\" aria-hidden=\"true\" data-negative=\"false\">\n\t\t\t<svg xmlns=\"http:\/\/www.w3.org\/2000\/svg\" viewBox=\"0 0 1000 100\" preserveAspectRatio=\"none\">\n\t<path class=\"elementor-shape-fill\" d=\"M0,6V0h1000v100L0,6z\"\/>\n<\/svg>\t\t<\/div>\n\t\t\t\t<div class=\"elementor-element elementor-element-e3f8120 elementor-widget elementor-widget-text-editor\" data-id=\"e3f8120\" data-element_type=\"widget\" data-widget_type=\"text-editor.default\">\n\t\t\t\t\t\t\t\t\t<p><strong>M\u00aa Jes\u00fas Ruiz de Casta\u00f1eda Sancho<\/strong><\/p>\t\t\t\t\t\t\t\t<\/div>\n\t\t\t\t<\/div>\n\t\t<div class=\"elementor-element elementor-element-f1aefe5 e-con-full e-flex elementor-invisible e-con e-child\" data-id=\"f1aefe5\" data-element_type=\"container\" data-settings=\"{&quot;background_background&quot;:&quot;classic&quot;,&quot;shape_divider_bottom&quot;:&quot;tilt&quot;,&quot;animation&quot;:&quot;bounceInRight&quot;,&quot;animation_delay&quot;:100}\">\n\t\t\t\t<div class=\"elementor-shape elementor-shape-bottom\" aria-hidden=\"true\" data-negative=\"false\">\n\t\t\t<svg xmlns=\"http:\/\/www.w3.org\/2000\/svg\" viewBox=\"0 0 1000 100\" preserveAspectRatio=\"none\">\n\t<path class=\"elementor-shape-fill\" d=\"M0,6V0h1000v100L0,6z\"\/>\n<\/svg>\t\t<\/div>\n\t\t\t\t<div class=\"elementor-element elementor-element-704444e elementor-widget elementor-widget-text-editor\" data-id=\"704444e\" data-element_type=\"widget\" data-widget_type=\"text-editor.default\">\n\t\t\t\t\t\t\t\t\t<p>Colegiada ICAMUR n\u00ba 7273<\/p>\t\t\t\t\t\t\t\t<\/div>\n\t\t\t\t<\/div>\n\t\t<div class=\"elementor-element elementor-element-bb73615 e-con-full e-flex elementor-invisible e-con e-child\" data-id=\"bb73615\" data-element_type=\"container\" data-settings=\"{&quot;background_background&quot;:&quot;classic&quot;,&quot;shape_divider_bottom&quot;:&quot;tilt&quot;,&quot;animation&quot;:&quot;bounceInRight&quot;,&quot;animation_delay&quot;:200}\">\n\t\t\t\t<div class=\"elementor-shape elementor-shape-bottom\" aria-hidden=\"true\" data-negative=\"false\">\n\t\t\t<svg xmlns=\"http:\/\/www.w3.org\/2000\/svg\" viewBox=\"0 0 1000 100\" preserveAspectRatio=\"none\">\n\t<path class=\"elementor-shape-fill\" d=\"M0,6V0h1000v100L0,6z\"\/>\n<\/svg>\t\t<\/div>\n\t\t\t\t<div class=\"elementor-element elementor-element-e663f45 elementor-widget elementor-widget-text-editor\" data-id=\"e663f45\" data-element_type=\"widget\" data-widget_type=\"text-editor.default\">\n\t\t\t\t\t\t\t\t\t<p>Colegiada COAFMU con el n\u00famero 1086 y Colegiada nacional 45391<\/p>\t\t\t\t\t\t\t\t<\/div>\n\t\t\t\t<\/div>\n\t\t<div class=\"elementor-element elementor-element-1b03493 e-con-full e-flex elementor-invisible e-con e-child\" data-id=\"1b03493\" data-element_type=\"container\" data-settings=\"{&quot;background_background&quot;:&quot;classic&quot;,&quot;shape_divider_bottom&quot;:&quot;tilt&quot;,&quot;animation&quot;:&quot;bounceInRight&quot;,&quot;animation_delay&quot;:300}\">\n\t\t\t\t<div class=\"elementor-shape elementor-shape-bottom\" aria-hidden=\"true\" data-negative=\"false\">\n\t\t\t<svg xmlns=\"http:\/\/www.w3.org\/2000\/svg\" viewBox=\"0 0 1000 100\" preserveAspectRatio=\"none\">\n\t<path class=\"elementor-shape-fill\" d=\"M0,6V0h1000v100L0,6z\"\/>\n<\/svg>\t\t<\/div>\n\t\t\t\t<div class=\"elementor-element elementor-element-2cc5c4d elementor-widget elementor-widget-text-editor\" data-id=\"2cc5c4d\" data-element_type=\"widget\" data-widget_type=\"text-editor.default\">\n\t\t\t\t\t\t\t\t\t<p>Abogada civilista con experiencia aplicada a la administraci\u00f3n de fincas y a la gesti\u00f3n de comunidades de propietarios<\/p>\t\t\t\t\t\t\t\t<\/div>\n\t\t\t\t<\/div>\n\t\t\t\t<\/div>\n\t\t\t\t\t<\/div>\n\t\t\t\t<\/div>\n\t\t<div class=\"elementor-element elementor-element-9ffcb13 e-flex e-con-boxed e-con e-parent\" data-id=\"9ffcb13\" data-element_type=\"container\">\n\t\t\t\t\t<div class=\"e-con-inner\">\n\t\t\t\t<div class=\"elementor-element elementor-element-0788189 elementor-widget elementor-widget-spacer\" data-id=\"0788189\" data-element_type=\"widget\" data-widget_type=\"spacer.default\">\n\t\t\t\t\t\t\t<div class=\"elementor-spacer\">\n\t\t\t<div class=\"elementor-spacer-inner\"><\/div>\n\t\t<\/div>\n\t\t\t\t\t\t<\/div>\n\t\t\t\t\t<\/div>\n\t\t\t\t<\/div>\n\t\t<div class=\"elementor-element elementor-element-9d6622e e-grid e-con-boxed e-con e-parent\" data-id=\"9d6622e\" data-element_type=\"container\">\n\t\t\t\t\t<div class=\"e-con-inner\">\n\t\t\t\t<div class=\"elementor-element elementor-element-dc36fd4 elementor-widget elementor-widget-image\" data-id=\"dc36fd4\" data-element_type=\"widget\" data-widget_type=\"image.default\">\n\t\t\t\t\t\t\t\t\t\t\t\t\t\t\t<img decoding=\"async\" width=\"600\" height=\"180\" src=\"https:\/\/garafincas.com\/wp-content\/uploads\/2025\/12\/img-dest-removebg-preview.png\" class=\"attachment-full size-full wp-image-908\" alt=\"\" srcset=\"https:\/\/garafincas.com\/wp-content\/uploads\/2025\/12\/img-dest-removebg-preview.png 600w, https:\/\/garafincas.com\/wp-content\/uploads\/2025\/12\/img-dest-removebg-preview-300x90.png 300w\" sizes=\"(max-width: 600px) 100vw, 600px\" \/>\t\t\t\t\t\t\t\t\t\t\t\t\t\t\t<\/div>\n\t\t\t\t<div class=\"elementor-element elementor-element-7f8ed28 elementor-widget elementor-widget-image\" data-id=\"7f8ed28\" data-element_type=\"widget\" data-widget_type=\"image.default\">\n\t\t\t\t\t\t\t\t\t\t\t\t\t\t\t<img decoding=\"async\" width=\"318\" height=\"82\" src=\"https:\/\/garafincas.com\/wp-content\/uploads\/2025\/12\/logoweb.png\" class=\"attachment-full size-full wp-image-903\" alt=\"\" srcset=\"https:\/\/garafincas.com\/wp-content\/uploads\/2025\/12\/logoweb.png 318w, https:\/\/garafincas.com\/wp-content\/uploads\/2025\/12\/logoweb-300x77.png 300w\" sizes=\"(max-width: 318px) 100vw, 318px\" \/>\t\t\t\t\t\t\t\t\t\t\t\t\t\t\t<\/div>\n\t\t\t\t<div class=\"elementor-element elementor-element-27a0023 elementor-widget elementor-widget-image\" data-id=\"27a0023\" data-element_type=\"widget\" data-widget_type=\"image.default\">\n\t\t\t\t\t\t\t\t\t\t\t\t\t\t\t<img loading=\"lazy\" decoding=\"async\" width=\"327\" height=\"76\" src=\"https:\/\/garafincas.com\/wp-content\/uploads\/2025\/12\/BANNER-removebg-preview-1.png\" class=\"attachment-large size-large wp-image-1426\" alt=\"\" srcset=\"https:\/\/garafincas.com\/wp-content\/uploads\/2025\/12\/BANNER-removebg-preview-1.png 327w, https:\/\/garafincas.com\/wp-content\/uploads\/2025\/12\/BANNER-removebg-preview-1-300x70.png 300w\" sizes=\"(max-width: 327px) 100vw, 327px\" \/>\t\t\t\t\t\t\t\t\t\t\t\t\t\t\t<\/div>\n\t\t\t\t\t<\/div>\n\t\t\t\t<\/div>\n\t\t<div class=\"elementor-element elementor-element-12b69a6 e-flex e-con-boxed e-con e-parent\" data-id=\"12b69a6\" data-element_type=\"container\">\n\t\t\t\t\t<div class=\"e-con-inner\">\n\t\t\t\t<div class=\"elementor-element elementor-element-b43066a elementor-widget elementor-widget-spacer\" data-id=\"b43066a\" data-element_type=\"widget\" data-widget_type=\"spacer.default\">\n\t\t\t\t\t\t\t<div class=\"elementor-spacer\">\n\t\t\t<div class=\"elementor-spacer-inner\"><\/div>\n\t\t<\/div>\n\t\t\t\t\t\t<\/div>\n\t\t\t\t\t<\/div>\n\t\t\t\t<\/div>\n\t\t<div class=\"elementor-element elementor-element-0737ee0 e-flex e-con-boxed e-con e-parent\" data-id=\"0737ee0\" data-element_type=\"container\">\n\t\t\t\t\t<div class=\"e-con-inner\">\n\t\t\t\t<div class=\"elementor-element elementor-element-4d7402b elementor-widget elementor-widget-heading\" data-id=\"4d7402b\" data-element_type=\"widget\" data-widget_type=\"heading.default\">\n\t\t\t\t\t<h1 class=\"elementor-heading-title elementor-size-default\">C\u00f3mo contactar con Gara: administraci\u00f3n de fincas Murcia<\/h1>\t\t\t\t<\/div>\n\t\t\t\t\t<\/div>\n\t\t\t\t<\/div>\n\t\t<div class=\"elementor-element elementor-element-4cfff33 e-flex e-con-boxed e-con e-parent\" data-id=\"4cfff33\" data-element_type=\"container\">\n\t\t\t\t\t<div class=\"e-con-inner\">\n\t\t\t\t<div class=\"elementor-element elementor-element-b909150 elementor-widget elementor-widget-spacer\" data-id=\"b909150\" data-element_type=\"widget\" data-widget_type=\"spacer.default\">\n\t\t\t\t\t\t\t<div class=\"elementor-spacer\">\n\t\t\t<div class=\"elementor-spacer-inner\"><\/div>\n\t\t<\/div>\n\t\t\t\t\t\t<\/div>\n\t\t\t\t\t<\/div>\n\t\t\t\t<\/div>\n\t\t<div class=\"elementor-element elementor-element-2c73eab2 e-grid e-con-boxed e-con e-parent\" data-id=\"2c73eab2\" data-element_type=\"container\">\n\t\t\t\t\t<div class=\"e-con-inner\">\n\t\t\t\t<div class=\"elementor-element elementor-element-229624ff mi-card2 elementor-widget elementor-widget-html\" data-id=\"229624ff\" data-element_type=\"widget\" data-widget_type=\"html.default\">\n\t\t\t\t\t<style>\n.mi-card2 {\n    text-align: center;\n    background-color: #ffffff;\n    color: #54595F;\n    border-radius: 12px;\n    box-shadow: 0 4px 15px rgba(0,0,0,0.1);\n    box-sizing: border-box;\n    flex: 1 1 250px;\n    padding: 15px;\n    display: flex;\n    flex-direction: column;\n    justify-content: space-between;\n    height: 100%;\n    transition: transform 0.3s, box-shadow 0.3s, background-color 0.3s;\n}\n\n\/* Imagen dentro de las cards *\/\n.mi-card2 img {\n    margin: 8px !important;\n  display: block;\n  margin: 0 auto !important;\n}\n\n\/* Hover *\/\n.mi-card2:hover {\n    transform: translateY(-5px);\n    box-shadow: 0 8px 25px rgba(0,0,0,0.2);\n    background-color: #386738;\n    color: #ffffff;\n}\n\n\/* Bot\u00f3n dentro de la card *\/\n.mi-card2 .card-button {\n    background-color: #A2C037 !important;\n    color: #fff;\n    padding: 8px 15px;\n    border: none;\n    border-radius: 6px;\n    cursor: pointer;\n    font-size: 0.9rem;\n    transition: background-color 0.3s;\n    margin-top: 15px;\n}\n\n.mi-card2 .card-button:hover {\n    background-color: #ffffff !important;\n    color: #A2C037;\n}\n<\/style> \n \n \n  <img loading=\"lazy\" loading=\"lazy\" decoding=\"async\" width=\"150\" height=\"150\" src=\"https:\/\/garafincas.com\/wp-content\/uploads\/2025\/12\/spobre.png\" alt=\"derecho civil murcia\">\n  <h2>Correo electr\u00f3nico<\/h2>\n  <p class=\"elementor-image-box-description\">Puedes contactarnos por email si as\u00ed lo deseas<\/p>\n<a href=\"https:\/\/mail.google.com\/mail\/?view=cm&amp;fs=1&amp;to=garafincas@gmail.com\" target=\"_blank\" class=\"card-button\" rel=\"noopener\">Haz click aqu\u00ed<\/a>\t\t\t\t<\/div>\n\t\t\t\t<div class=\"elementor-element elementor-element-79a7ee55 mi-card2 elementor-widget elementor-widget-html\" data-id=\"79a7ee55\" data-element_type=\"widget\" data-widget_type=\"html.default\">\n\t\t\t\t\t<style>\n.mi-card2 {\n.mi-card2 {\n    text-align: center;\n    background-color: #ffffff;\n    color: #54595F;\n    border-radius: 12px;\n    box-shadow: 0 4px 15px rgba(0,0,0,0.1);\n    box-sizing: border-box;\n    flex: 1 1 250px;\n    padding: 15px;\n    display: flex;\n    flex-direction: column;\n    justify-content: space-between;\n    height: 100%;\n    transition: transform 0.3s, box-shadow 0.3s, background-color 0.3s;\n}\n\n\/* Imagen dentro de las cards *\/\n.mi-card2 img {\n    margin: 8px !important;\n  display: block;\n  margin: 0 auto !important;\n}\n\n\/* Hover *\/\n.mi-card2:hover {\n    transform: translateY(-5px);\n    box-shadow: 0 8px 25px rgba(0,0,0,0.2);\n    background-color: #dd9445;\n}\n\n\/* Bot\u00f3n dentro de la card *\/\n.mi-card2 .card-button {\n    background-color: #7ea499 !important;\n    color: #fff;\n    padding: 8px 15px;\n    border: none;\n    border-radius: 6px;\n    cursor: pointer;\n    font-size: 0.9rem;\n    transition: background-color 0.3s;\n    margin-top: 15px;\n}\n\n.mi-card2 .card-button:hover {\n    background-color: #000 !important;\n    color: #ffffff;\n}\n<\/style> \n \n \n  <img loading=\"lazy\" loading=\"lazy\" decoding=\"async\" width=\"150\" height=\"150\" src=\"https:\/\/garafincas.com\/wp-content\/uploads\/2025\/12\/whstapp-1.png\" alt=\"derecho civil murcia\">\n  <h2>Whastapp<\/h2>\n  <p class=\"elementor-image-box-description\">M\u00e1ndanos un whatsapp y responderemos lo antes posible<\/p>\n<a href=\"https:\/\/wa.me\/34623930580\" class=\"card-button\" target=\"_blank\" rel=\"noopener\">Haz click aqu\u00ed<\/a>\t\t\t\t<\/div>\n\t\t\t\t<div class=\"elementor-element elementor-element-361d4c56 mi-card2 elementor-widget elementor-widget-html\" data-id=\"361d4c56\" data-element_type=\"widget\" data-widget_type=\"html.default\">\n\t\t\t\t\t<style>\n.mi-card2 {\n.mi-card2 {\n    text-align: center;\n    background-color: #ffffff;\n    color: #54595F;\n    border-radius: 12px;\n    box-shadow: 0 4px 15px rgba(0,0,0,0.1);\n    box-sizing: border-box;\n    flex: 1 1 250px;\n    padding: 15px;\n    display: flex;\n    flex-direction: column;\n    justify-content: space-between;\n    height: 100%;\n    transition: transform 0.3s, box-shadow 0.3s, background-color 0.3s;\n}\n\n\/* Imagen dentro de las cards *\/\n.mi-card2 img {\n    margin: 8px !important;\n  display: block;\n  margin: 0 auto !important;\n}\n\n\/* Hover *\/\n.mi-card2:hover {\n    transform: translateY(-5px);\n    box-shadow: 0 8px 25px rgba(0,0,0,0.2);\n    background-color: #dd9445;\n}\n\n\/* Bot\u00f3n dentro de la card *\/\n.mi-card2 .card-button {\n    background-color: #7ea499 !important;\n    color: #fff;\n    padding: 8px 15px;\n    border: none;\n    border-radius: 6px;\n    cursor: pointer;\n    font-size: 0.9rem;\n    transition: background-color 0.3s;\n    margin-top: 15px;\n}\n\n.mi-card2 .card-button:hover {\n    background-color: #000 !important;\n    color: #ffffff;\n}\n<\/style> \n \n \n  <img loading=\"lazy\" loading=\"lazy\" decoding=\"async\" width=\"150\" height=\"150\" src=\"https:\/\/garafincas.com\/wp-content\/uploads\/2025\/12\/formulario-1.png\" alt=\"derecho civil murcia\">\n  <h2>Escr\u00edbenos<\/h2>\n  <p class=\"elementor-image-box-description\">Puedes contactarnos directamente a trav\u00e9s del siguiente formulario<\/p>\n<a href=\"https:\/\/garafincas.com\/index.php\/contacto\/#contacto\" class=\"card-button\">Haz click aqu\u00ed<\/a>\t\t\t\t<\/div>\n\t\t\t\t\t<\/div>\n\t\t\t\t<\/div>\n\t\t<div class=\"elementor-element elementor-element-1679838 e-flex e-con-boxed e-con e-parent\" data-id=\"1679838\" data-element_type=\"container\">\n\t\t\t\t\t<div class=\"e-con-inner\">\n\t\t\t\t<div class=\"elementor-element elementor-element-f23300f elementor-widget elementor-widget-spacer\" data-id=\"f23300f\" data-element_type=\"widget\" data-widget_type=\"spacer.default\">\n\t\t\t\t\t\t\t<div class=\"elementor-spacer\">\n\t\t\t<div class=\"elementor-spacer-inner\"><\/div>\n\t\t<\/div>\n\t\t\t\t\t\t<\/div>\n\t\t\t\t\t<\/div>\n\t\t\t\t<\/div>\n\t\t\t\t<\/div>\n\t\t","protected":false},"excerpt":{"rendered":"<p>Nuestra misi\u00f3n es hacer m\u00e1s f\u00e1cil la administraci\u00f3n de fincas en Murcia para los propietarios, fomentar la buena convivencia entre los vecinos y garantizar un servicio \u00f3ptimo con el que nuestros clientes est\u00e9n satisfechos. La tranquilidad de nuestros clientes es nuestra prioridad. \u00bfQui\u00e9n est\u00e1 detr\u00e1s de Gara? M\u00aa Jes\u00fas Ruiz de Casta\u00f1eda Sancho Colegiada ICAMUR [&hellip;]<\/p>\n","protected":false},"author":1,"featured_media":0,"parent":0,"menu_order":3,"comment_status":"closed","ping_status":"closed","template":"","meta":{"footnotes":""},"class_list":["post-150","page","type-page","status-publish","hentry"],"_links":{"self":[{"href":"https:\/\/garafincas.com\/index.php\/wp-json\/wp\/v2\/pages\/150","targetHints":{"allow":["GET"]}}],"collection":[{"href":"https:\/\/garafincas.com\/index.php\/wp-json\/wp\/v2\/pages"}],"about":[{"href":"https:\/\/garafincas.com\/index.php\/wp-json\/wp\/v2\/types\/page"}],"author":[{"embeddable":true,"href":"https:\/\/garafincas.com\/index.php\/wp-json\/wp\/v2\/users\/1"}],"replies":[{"embeddable":true,"href":"https:\/\/garafincas.com\/index.php\/wp-json\/wp\/v2\/comments?post=150"}],"version-history":[{"count":139,"href":"https:\/\/garafincas.com\/index.php\/wp-json\/wp\/v2\/pages\/150\/revisions"}],"predecessor-version":[{"id":1445,"href":"https:\/\/garafincas.com\/index.php\/wp-json\/wp\/v2\/pages\/150\/revisions\/1445"}],"wp:attachment":[{"href":"https:\/\/garafincas.com\/index.php\/wp-json\/wp\/v2\/media?parent=150"}],"curies":[{"name":"wp","href":"https:\/\/api.w.org\/{rel}","templated":true}]}}